{"id":23,"date":"2022-10-21T09:13:07","date_gmt":"2022-10-21T07:13:07","guid":{"rendered":"https:\/\/show3.home-page-heroes.de\/?page_id=23"},"modified":"2025-08-07T16:48:23","modified_gmt":"2025-08-07T14:48:23","slug":"impressum","status":"publish","type":"page","link":"https:\/\/imtech-drehteile.eu\/en\/impressum\/","title":{"rendered":"imprint"},"content":{"rendered":"<div data-elementor-type=\"wp-page\" data-elementor-id=\"23\" class=\"elementor elementor-23\" data-elementor-post-type=\"page\">\n\t\t\t\t<div class=\"elementor-element elementor-element-023b0ee e-con-full e-flex e-con e-parent\" data-id=\"023b0ee\" data-element_type=\"container\" data-settings=\"{&quot;background_background&quot;:&quot;classic&quot;}\">\n\t\t\t\t<\/div>\n\t\t<div class=\"elementor-element elementor-element-a6d8951 e-flex e-con-boxed e-con e-parent\" data-id=\"a6d8951\" data-element_type=\"container\">\n\t\t\t\t\t<div class=\"e-con-inner\">\n\t\t<div class=\"elementor-element elementor-element-348f161 e-con-full e-flex e-con e-child\" data-id=\"348f161\" data-element_type=\"container\">\n\t\t\t\t<div class=\"elementor-element elementor-element-d04fea8 elementor-widget elementor-widget-text-editor\" data-id=\"d04fea8\" data-element_type=\"widget\" data-widget_type=\"text-editor.default\">\n\t\t\t\t<div class=\"elementor-widget-container\">\n\t\t\t\t\t\t\t\t\t<p>imprint<\/p>\t\t\t\t\t\t\t\t<\/div>\n\t\t\t\t<\/div>\n\t\t\t\t<\/div>\n\t\t<div class=\"elementor-element elementor-element-c0b18e4 e-con-full e-flex e-con e-child\" data-id=\"c0b18e4\" data-element_type=\"container\">\n\t\t\t\t<div class=\"elementor-element elementor-element-3612f5a elementor-widget elementor-widget-text-editor\" data-id=\"3612f5a\" data-element_type=\"widget\" data-widget_type=\"text-editor.default\">\n\t\t\t\t<div class=\"elementor-widget-container\">\n\t\t\t\t\t\t\t\t\t<h3>Responsibility for this website<\/h3><p>imtech GmbH &amp; Co. KG<br \/>Mr Ivica Mataija<br \/>Managing Director<\/p><p>Auf Stocken 18<br \/>D-78073 Bad D\u00fcrrheim<br \/>phone\u00a0<a href=\"tel:+49772693890\" rel=\"noopener\">+49 7726 9389-0<\/a><br \/>Fax +49 7726 9389-18<br \/>Internet: www.imtech-drehteile.eu<br \/>Mail: <a href=\"mailto:info@imtech-drehteile.eu\">info@imtech-drehteile.eu<\/a><\/p><p>Freiburg District Court \u2013 HRA 602819<br \/>VAT ID No. DE 814601943<\/p><p><b>General partner<\/b><br \/>imtech Verwaltungs GmbH, Bad D\u00fcrrheim<br \/>Freiburg District Court \u2013 HRB 603062<\/p>\t\t\t\t\t\t\t\t<\/div>\n\t\t\t\t<\/div>\n\t\t\t\t<div class=\"elementor-element elementor-element-e79227a elementor-widget elementor-widget-toggle\" data-id=\"e79227a\" data-element_type=\"widget\" data-widget_type=\"toggle.default\">\n\t\t\t\t<div class=\"elementor-widget-container\">\n\t\t\t\t\t\t\t<div class=\"elementor-toggle\">\n\t\t\t\t\t\t\t<div class=\"elementor-toggle-item\">\n\t\t\t\t\t<div id=\"elementor-tab-title-2421\" class=\"elementor-tab-title\" data-tab=\"1\" role=\"button\" aria-controls=\"elementor-tab-content-2421\" aria-expanded=\"false\">\n\t\t\t\t\t\t\t\t\t\t\t\t<a class=\"elementor-toggle-title\" tabindex=\"0\">Implementation of the website<\/a>\n\t\t\t\t\t<\/div>\n\n\t\t\t\t\t<div id=\"elementor-tab-content-2421\" class=\"elementor-tab-content elementor-clearfix\" data-tab=\"1\" role=\"region\" aria-labelledby=\"elementor-tab-title-2421\"><div class=\"page\" title=\"Pages 23\"><div class=\"section\"><div class=\"layoutArea\"><div class=\"column\"><h5>Planning and conception<\/h5><p>In-house, Viola Kaesmacher<\/p><h5>Art direction and web design<\/h5><p>de.signbar GmbH, Trossingen<br \/>VISUAL COMMUNICATION<br \/><a href=\"http:\/\/www.de-signbar.de\" target=\"_blank\" rel=\"noopener\">www.de-signbar.de<\/a><\/p><h5>programming<\/h5><p>HOMEPAGE HEXXER, Balingen<br \/><a href=\"http:\/\/www.homepage-hexxer.de\" target=\"_blank\" rel=\"noopener\">www.homepage-hexxer.de<\/a><\/p><h5>Hosting<\/h5><p>it@business, Spaichingen<br \/><a href=\"http:\/\/www.itatbusiness.de\" target=\"_blank\" rel=\"noopener\">www.itatbusiness.de<\/a><\/p><\/div><\/div><\/div><\/div><\/div>\n\t\t\t\t<\/div>\n\t\t\t\t\t\t\t<div class=\"elementor-toggle-item\">\n\t\t\t\t\t<div id=\"elementor-tab-title-2422\" class=\"elementor-tab-title\" data-tab=\"2\" role=\"button\" aria-controls=\"elementor-tab-content-2422\" aria-expanded=\"false\">\n\t\t\t\t\t\t\t\t\t\t\t\t<a class=\"elementor-toggle-title\" tabindex=\"0\">Credits Images<\/a>\n\t\t\t\t\t<\/div>\n\n\t\t\t\t\t<div id=\"elementor-tab-content-2422\" class=\"elementor-tab-content elementor-clearfix\" data-tab=\"2\" role=\"region\" aria-labelledby=\"elementor-tab-title-2422\"><h5>Photos and moving images<\/h5><p>ADVERTISING PHOTO ROBOLD, VS-Schwenningen<br \/><a href=\"https:\/\/werbefoto-robold.de\" target=\"_blank\" rel=\"noopener\">werbefoto-robold.de<\/a><\/p><h5>Portraits<\/h5><p>LIGHT &amp; SHADOW PORTRAIT PHOTOGRAPHY, Brigachtal<br \/><a href=\"http:\/\/www.lsp-fotografie.de\" target=\"_blank\" rel=\"noopener\">www.lsp-fotografie.de<\/a><\/p><h5>Stock material<\/h5><p><a href=\"https:\/\/pixabay.com\/de\/\" target=\"_blank\" rel=\"noopener\">PIXABAY<\/a>: Logistics\/air poster foil, header data protection\/lock, quote box quotation marks<\/p><p><a href=\"https:\/\/depositphotos.com\/de\/\" target=\"_blank\" rel=\"noopener\">DEPOSIT PHOTOS<\/a>: Header Surface Treatment, Header Material Selection, Header Responsibility<\/p><p><a href=\"https:\/\/stock.adobe.com\/\" target=\"_blank\" rel=\"noopener\">ADOBESTOCK<\/a>: Header Imprint\/Justice: Elke@AdobeStock<\/p><\/div>\n\t\t\t\t<\/div>\n\t\t\t\t\t\t\t\t<\/div>\n\t\t\t\t\t\t<\/div>\n\t\t\t\t<\/div>\n\t\t\t\t<\/div>\n\t\t\t\t\t<\/div>\n\t\t\t\t<\/div>\n\t\t\t\t<\/div>","protected":false},"excerpt":{"rendered":"<p>Impressum Verantwortlichkeit f\u00fcr diese Internetpr\u00e4senz imtech GmbH &amp; Co. KGHerr Ivica MataijaGesch\u00e4ftsf\u00fchrer Auf Stocken 18D-78073 Bad D\u00fcrrheimTelefon\u00a0+49 7726 9389-0Telefax +49 7726 9389-18Internet: www.imtech-drehteile.euMail: info@imtech-drehteile.eu Amtsgericht Freiburg &#8211; HRA 602819Ust. Id.Nr. DE 814601943 Komplement\u00e4rinimtech Verwaltungs GmbH, Bad D\u00fcrrheimAmtsgericht Freiburg &#8211; HRB 603062 Durchf\u00fchrung des Internetauftritts Planung und Konzeption Inhouse, Viola Kaesmacher Artdirektion und Webdesign de.signbar GmbH, [&hellip;]<\/p>","protected":false},"author":1,"featured_media":3674,"parent":0,"menu_order":0,"comment_status":"closed","ping_status":"closed","template":"","meta":{"_acf_changed":false,"footnotes":""},"class_list":["post-23","page","type-page","status-publish","has-post-thumbnail","hentry"],"acf":[],"yoast_head":"<!-- This site is optimized with the Yoast SEO Premium plugin v23.0 (Yoast SEO v27.1.1) - https:\/\/yoast.com\/product\/yoast-seo-premium-wordpress\/ -->\n<title>Impressum - imtech GmbH &amp; Co. KG<\/title>\n<meta name=\"robots\" content=\"index, follow, max-snippet:-1, max-image-preview:large, max-video-preview:-1\" \/>\n<link rel=\"canonical\" href=\"https:\/\/imtech-drehteile.eu\/en\/impressum\/\" \/>\n<meta property=\"og:locale\" content=\"en_US\" \/>\n<meta property=\"og:type\" content=\"article\" \/>\n<meta property=\"og:title\" content=\"Impressum\" \/>\n<meta property=\"og:description\" content=\"Impressum Verantwortlichkeit f\u00fcr diese Internetpr\u00e4senz imtech GmbH &amp; Co. KGHerr Ivica MataijaGesch\u00e4ftsf\u00fchrer Auf Stocken 18D-78073 Bad D\u00fcrrheimTelefon\u00a0+49 7726 9389-0Telefax +49 7726 9389-18Internet: www.imtech-drehteile.euMail: info@imtech-drehteile.eu Amtsgericht Freiburg &#8211; HRA 602819Ust. Id.Nr. DE 814601943 Komplement\u00e4rinimtech Verwaltungs GmbH, Bad D\u00fcrrheimAmtsgericht Freiburg &#8211; HRB 603062 Durchf\u00fchrung des Internetauftritts Planung und Konzeption Inhouse, Viola Kaesmacher Artdirektion und Webdesign de.signbar GmbH, [&hellip;]\" \/>\n<meta property=\"og:url\" content=\"https:\/\/imtech-drehteile.eu\/en\/impressum\/\" \/>\n<meta property=\"og:site_name\" content=\"imtech GmbH &amp; Co. KG\" \/>\n<meta property=\"article:modified_time\" content=\"2025-08-07T14:48:23+00:00\" \/>\n<meta property=\"og:image\" content=\"https:\/\/imtech-drehteile.eu\/wp-content\/uploads\/2023\/09\/imtech-1.jpg\" \/>\n\t<meta property=\"og:image:width\" content=\"2048\" \/>\n\t<meta property=\"og:image:height\" content=\"608\" \/>\n\t<meta property=\"og:image:type\" content=\"image\/jpeg\" \/>\n<meta name=\"twitter:card\" content=\"summary_large_image\" \/>\n<meta name=\"twitter:label1\" content=\"Est. reading time\" \/>\n\t<meta name=\"twitter:data1\" content=\"1 minute\" \/>\n<script type=\"application\/ld+json\" class=\"yoast-schema-graph\">{\"@context\":\"https:\/\/schema.org\",\"@graph\":[{\"@type\":\"WebPage\",\"@id\":\"https:\/\/imtech-drehteile.eu\/impressum\/\",\"url\":\"https:\/\/imtech-drehteile.eu\/impressum\/\",\"name\":\"Impressum - imtech GmbH &amp; Co. KG\",\"isPartOf\":{\"@id\":\"https:\/\/imtech-drehteile.eu\/#website\"},\"primaryImageOfPage\":{\"@id\":\"https:\/\/imtech-drehteile.eu\/impressum\/#primaryimage\"},\"image\":{\"@id\":\"https:\/\/imtech-drehteile.eu\/impressum\/#primaryimage\"},\"thumbnailUrl\":\"https:\/\/imtech-drehteile.eu\/wp-content\/uploads\/2023\/09\/imtech-1.jpg\",\"datePublished\":\"2022-10-21T07:13:07+00:00\",\"dateModified\":\"2025-08-07T14:48:23+00:00\",\"breadcrumb\":{\"@id\":\"https:\/\/imtech-drehteile.eu\/impressum\/#breadcrumb\"},\"inLanguage\":\"en-US\",\"potentialAction\":[{\"@type\":\"ReadAction\",\"target\":[\"https:\/\/imtech-drehteile.eu\/impressum\/\"]}]},{\"@type\":\"ImageObject\",\"inLanguage\":\"en-US\",\"@id\":\"https:\/\/imtech-drehteile.eu\/impressum\/#primaryimage\",\"url\":\"https:\/\/imtech-drehteile.eu\/wp-content\/uploads\/2023\/09\/imtech-1.jpg\",\"contentUrl\":\"https:\/\/imtech-drehteile.eu\/wp-content\/uploads\/2023\/09\/imtech-1.jpg\",\"width\":2048,\"height\":608,\"caption\":\"Imtech Logo\"},{\"@type\":\"BreadcrumbList\",\"@id\":\"https:\/\/imtech-drehteile.eu\/impressum\/#breadcrumb\",\"itemListElement\":[{\"@type\":\"ListItem\",\"position\":1,\"name\":\"Startseite\",\"item\":\"https:\/\/imtech-drehteile.eu\/\"},{\"@type\":\"ListItem\",\"position\":2,\"name\":\"Impressum\"}]},{\"@type\":\"WebSite\",\"@id\":\"https:\/\/imtech-drehteile.eu\/#website\",\"url\":\"https:\/\/imtech-drehteile.eu\/\",\"name\":\"Hochpr\u00e4zise Drehteile und Fr\u00e4steile\",\"description\":\"Der deutsche Zulieferer aus Baden-W\u00fcrttemberg stellt seine Leistungen und Produkte vor\",\"publisher\":{\"@id\":\"https:\/\/imtech-drehteile.eu\/#organization\"},\"alternateName\":\"Pr\u00e4zisionsteile nach Zeichnung\",\"potentialAction\":[{\"@type\":\"SearchAction\",\"target\":{\"@type\":\"EntryPoint\",\"urlTemplate\":\"https:\/\/imtech-drehteile.eu\/?s={search_term_string}\"},\"query-input\":{\"@type\":\"PropertyValueSpecification\",\"valueRequired\":true,\"valueName\":\"search_term_string\"}}],\"inLanguage\":\"en-US\"},{\"@type\":\"Organization\",\"@id\":\"https:\/\/imtech-drehteile.eu\/#organization\",\"name\":\"imtech GmbH & Co. KG\",\"url\":\"https:\/\/imtech-drehteile.eu\/\",\"logo\":{\"@type\":\"ImageObject\",\"inLanguage\":\"en-US\",\"@id\":\"https:\/\/imtech-drehteile.eu\/#\/schema\/logo\/image\/\",\"url\":\"https:\/\/imtech-drehteile.eu\/wp-content\/uploads\/2022\/10\/IMTECH_Logo_RZ.png\",\"contentUrl\":\"https:\/\/imtech-drehteile.eu\/wp-content\/uploads\/2022\/10\/IMTECH_Logo_RZ.png\",\"width\":502,\"height\":184,\"caption\":\"imtech GmbH & Co. KG\"},\"image\":{\"@id\":\"https:\/\/imtech-drehteile.eu\/#\/schema\/logo\/image\/\"}}]}<\/script>\n<!-- \/ Yoast SEO Premium plugin. -->","yoast_head_json":{"title":"Impressum - imtech GmbH &amp; Co. KG","robots":{"index":"index","follow":"follow","max-snippet":"max-snippet:-1","max-image-preview":"max-image-preview:large","max-video-preview":"max-video-preview:-1"},"canonical":"https:\/\/imtech-drehteile.eu\/en\/impressum\/","og_locale":"en_US","og_type":"article","og_title":"Impressum","og_description":"Impressum Verantwortlichkeit f\u00fcr diese Internetpr\u00e4senz imtech GmbH &amp; Co. KGHerr Ivica MataijaGesch\u00e4ftsf\u00fchrer Auf Stocken 18D-78073 Bad D\u00fcrrheimTelefon\u00a0+49 7726 9389-0Telefax +49 7726 9389-18Internet: www.imtech-drehteile.euMail: info@imtech-drehteile.eu Amtsgericht Freiburg &#8211; HRA 602819Ust. Id.Nr. DE 814601943 Komplement\u00e4rinimtech Verwaltungs GmbH, Bad D\u00fcrrheimAmtsgericht Freiburg &#8211; HRB 603062 Durchf\u00fchrung des Internetauftritts Planung und Konzeption Inhouse, Viola Kaesmacher Artdirektion und Webdesign de.signbar GmbH, [&hellip;]","og_url":"https:\/\/imtech-drehteile.eu\/en\/impressum\/","og_site_name":"imtech GmbH &amp; Co. KG","article_modified_time":"2025-08-07T14:48:23+00:00","og_image":[{"width":2048,"height":608,"url":"https:\/\/imtech-drehteile.eu\/wp-content\/uploads\/2023\/09\/imtech-1.jpg","type":"image\/jpeg"}],"twitter_card":"summary_large_image","twitter_misc":{"Est. reading time":"1 minute"},"schema":{"@context":"https:\/\/schema.org","@graph":[{"@type":"WebPage","@id":"https:\/\/imtech-drehteile.eu\/impressum\/","url":"https:\/\/imtech-drehteile.eu\/impressum\/","name":"Impressum - imtech GmbH &amp; Co. KG","isPartOf":{"@id":"https:\/\/imtech-drehteile.eu\/#website"},"primaryImageOfPage":{"@id":"https:\/\/imtech-drehteile.eu\/impressum\/#primaryimage"},"image":{"@id":"https:\/\/imtech-drehteile.eu\/impressum\/#primaryimage"},"thumbnailUrl":"https:\/\/imtech-drehteile.eu\/wp-content\/uploads\/2023\/09\/imtech-1.jpg","datePublished":"2022-10-21T07:13:07+00:00","dateModified":"2025-08-07T14:48:23+00:00","breadcrumb":{"@id":"https:\/\/imtech-drehteile.eu\/impressum\/#breadcrumb"},"inLanguage":"en-US","potentialAction":[{"@type":"ReadAction","target":["https:\/\/imtech-drehteile.eu\/impressum\/"]}]},{"@type":"ImageObject","inLanguage":"en-US","@id":"https:\/\/imtech-drehteile.eu\/impressum\/#primaryimage","url":"https:\/\/imtech-drehteile.eu\/wp-content\/uploads\/2023\/09\/imtech-1.jpg","contentUrl":"https:\/\/imtech-drehteile.eu\/wp-content\/uploads\/2023\/09\/imtech-1.jpg","width":2048,"height":608,"caption":"Imtech Logo"},{"@type":"BreadcrumbList","@id":"https:\/\/imtech-drehteile.eu\/impressum\/#breadcrumb","itemListElement":[{"@type":"ListItem","position":1,"name":"Startseite","item":"https:\/\/imtech-drehteile.eu\/"},{"@type":"ListItem","position":2,"name":"Impressum"}]},{"@type":"WebSite","@id":"https:\/\/imtech-drehteile.eu\/#website","url":"https:\/\/imtech-drehteile.eu\/","name":"High-precision turned and milled parts","description":"The German supplier from Baden-W\u00fcrttemberg presents its services and products","publisher":{"@id":"https:\/\/imtech-drehteile.eu\/#organization"},"alternateName":"Pr\u00e4zisionsteile nach Zeichnung","potentialAction":[{"@type":"SearchAction","target":{"@type":"EntryPoint","urlTemplate":"https:\/\/imtech-drehteile.eu\/?s={search_term_string}"},"query-input":{"@type":"PropertyValueSpecification","valueRequired":true,"valueName":"search_term_string"}}],"inLanguage":"en-US"},{"@type":"Organization","@id":"https:\/\/imtech-drehteile.eu\/#organization","name":"imtech GmbH &amp; Co. KG","url":"https:\/\/imtech-drehteile.eu\/","logo":{"@type":"ImageObject","inLanguage":"en-US","@id":"https:\/\/imtech-drehteile.eu\/#\/schema\/logo\/image\/","url":"https:\/\/imtech-drehteile.eu\/wp-content\/uploads\/2022\/10\/IMTECH_Logo_RZ.png","contentUrl":"https:\/\/imtech-drehteile.eu\/wp-content\/uploads\/2022\/10\/IMTECH_Logo_RZ.png","width":502,"height":184,"caption":"imtech GmbH & Co. KG"},"image":{"@id":"https:\/\/imtech-drehteile.eu\/#\/schema\/logo\/image\/"}}]}},"_links":{"self":[{"href":"https:\/\/imtech-drehteile.eu\/en\/wp-json\/wp\/v2\/pages\/23","targetHints":{"allow":["GET"]}}],"collection":[{"href":"https:\/\/imtech-drehteile.eu\/en\/wp-json\/wp\/v2\/pages"}],"about":[{"href":"https:\/\/imtech-drehteile.eu\/en\/wp-json\/wp\/v2\/types\/page"}],"author":[{"embeddable":true,"href":"https:\/\/imtech-drehteile.eu\/en\/wp-json\/wp\/v2\/users\/1"}],"replies":[{"embeddable":true,"href":"https:\/\/imtech-drehteile.eu\/en\/wp-json\/wp\/v2\/comments?post=23"}],"version-history":[{"count":10,"href":"https:\/\/imtech-drehteile.eu\/en\/wp-json\/wp\/v2\/pages\/23\/revisions"}],"predecessor-version":[{"id":5136,"href":"https:\/\/imtech-drehteile.eu\/en\/wp-json\/wp\/v2\/pages\/23\/revisions\/5136"}],"wp:featuredmedia":[{"embeddable":true,"href":"https:\/\/imtech-drehteile.eu\/en\/wp-json\/wp\/v2\/media\/3674"}],"wp:attachment":[{"href":"https:\/\/imtech-drehteile.eu\/en\/wp-json\/wp\/v2\/media?parent=23"}],"curies":[{"name":"wp","href":"https:\/\/api.w.org\/{rel}","templated":true}]}}