{"id":415,"date":"2022-11-17T18:47:04","date_gmt":"2022-11-17T17:47:04","guid":{"rendered":"https:\/\/show3.home-page-heroes.de\/?page_id=415"},"modified":"2025-02-12T16:39:16","modified_gmt":"2025-02-12T15:39:16","slug":"experte-fuer-drehteile-fraesteile","status":"publish","type":"page","link":"https:\/\/imtech-drehteile.eu\/en\/experte-fuer-drehteile-fraesteile\/","title":{"rendered":"About us"},"content":{"rendered":"<div data-elementor-type=\"wp-page\" data-elementor-id=\"415\" class=\"elementor elementor-415\" data-elementor-post-type=\"page\">\n\t\t\t\t<div class=\"elementor-element elementor-element-da0523d e-con-full elementor-hidden-mobile e-flex e-con e-parent\" data-id=\"da0523d\" data-element_type=\"container\">\n\t\t\t\t<div class=\"elementor-element elementor-element-f973735 elementor-widget elementor-widget-slider_revolution\" data-id=\"f973735\" data-element_type=\"widget\" data-widget_type=\"slider_revolution.default\">\n\t\t\t\t<div class=\"elementor-widget-container\">\n\t\t\t\t\t\r\n\t\t<div class=\"wp-block-themepunch-revslider\">\n\t\t\t<!-- START unternehmen REVOLUTION SLIDER 6.6.15 --><p class=\"rs-p-wp-fix\"><\/p>\n\t\t\t<rs-module-wrap id=\"rev_slider_2_1_wrapper\" data-source=\"gallery\" style=\"visibility:hidden;background:transparent;padding:0;margin:0px auto;margin-top:0;margin-bottom:0;\">\n\t\t\t\t<rs-module id=\"rev_slider_2_1\" style=\"\" data-version=\"6.6.15\">\n\t\t\t\t\t<rs-slides style=\"overflow: hidden; position: absolute;\">\n\t\t\t\t\t\t<rs-slide style=\"position: absolute;\" data-key=\"rs-3\" data-title=\"Slide\" data-in=\"o:0;\" data-out=\"a:false;\">\n\t\t\t\t\t\t\t<img fetchpriority=\"high\" decoding=\"async\" src=\"\/\/imtech-drehteile.eu\/wp-content\/plugins\/revslider\/public\/assets\/assets\/dummy.png\" alt=\"Eingang von dem Unternehmen Imtech\" title=\"Entrance-company_3.jpeg\" width=\"1920\" height=\"700\" class=\"rev-slidebg tp-rs-img rs-lazyload\" data-lazyload=\"\/\/imtech-drehteile.eu\/wp-content\/uploads\/revslider\/video-media\/Eingang-unternehmen_3.jpeg\" data-no-retina>\n\t\t\t\t\t\t\t<rs-bgvideo \n\t\t\t\t\t\t\t\tdata-video=\"w:100%;h:100%;nse:false;l:false;ptimer:false;vfc:true;\"\n\t\t\t\t\t\t\t\tdata-mp4=\"\/\/imtech-drehteile.eu\/wp-content\/uploads\/2023\/01\/Eingang-unternehmen.mp4\"\n\t\t\t\t\t\t\t><\/rs-bgvideo>\n<!--\n\t\t\t\t\t\t\t--><rs-layer\n\t\t\t\t\t\t\t\tid=\"slider-2-slide-3-layer-0\" \n\t\t\t\t\t\t\t\tdata-type=\"image\"\n\t\t\t\t\t\t\t\tdata-rsp_ch=\"on\"\n\t\t\t\t\t\t\t\tdata-xy=\"xo:57px,57px,57px,13px;yo:1px,1px,1px,0;\"\n\t\t\t\t\t\t\t\tdata-text=\"w:normal;s:20,20,20,4;l:0,0,0,6;\"\n\t\t\t\t\t\t\t\tdata-dim=\"w:2095px,2095px,2095px,517px;h:764px,764px,764px,188px;\"\n\t\t\t\t\t\t\t\tdata-frame_999=\"o:0;st:w;\"\n\t\t\t\t\t\t\t\tstyle=\"z-index:6;\"\n\t\t\t\t\t\t\t><img decoding=\"async\" src=\"\/\/imtech-drehteile.eu\/wp-content\/plugins\/revslider\/public\/assets\/assets\/dummy.png\" alt=\"Imtech Hexagon\" class=\"tp-rs-img rs-lazyload\" width=\"3840\" height=\"1400\" data-lazyload=\"\/\/imtech-drehteile.eu\/wp-content\/uploads\/2022\/11\/IMTECH_Header700_Hexagon_ohneAnschnitt_L2-2.png\" data-no-retina> \n\t\t\t\t\t\t\t<\/rs-layer><!--\n\n\t\t\t\t\t\t\t--><rs-layer\n\t\t\t\t\t\t\t\tid=\"slider-2-slide-3-layer-1\" \n\t\t\t\t\t\t\t\tdata-type=\"text\"\n\t\t\t\t\t\t\t\tdata-rsp_ch=\"on\"\n\t\t\t\t\t\t\t\tdata-xy=\"xo:182px,182px,182px,44px;yo:82px,82px,82px,19px;\"\n\t\t\t\t\t\t\t\tdata-text=\"w:normal;s:60,60,60,14;l:70,70,70,16;fw:700;\"\n\t\t\t\t\t\t\t\tdata-frame_999=\"o:0;st:w;\"\n\t\t\t\t\t\t\t\tstyle=\"z-index:7;font-family:'Roboto Condensed';\"\n\t\t\t\t\t\t\t>more value partner<br \/>\nYour reliable<br \/>\nSupplier<br \/>\n \n\t\t\t\t\t\t\t<\/rs-layer><!--\n-->\t\t\t\t\t\t<\/rs-slide>\n\t\t\t\t\t<\/rs-slides>\n\t\t\t\t<\/rs-module>\n\t\t\t\t<script>\n\t\t\t\t\tsetREVStartSize({c: 'rev_slider_2_1',rl:[1240,1240,1240,480],el:[700,700,700,720],gw:[1940,1940,1940,480],gh:[700,700,700,300],type:'standard',justify:'',layout:'fullwidth',mh:\"0\"});if (window.RS_MODULES!==undefined && window.RS_MODULES.modules!==undefined && window.RS_MODULES.modules[\"revslider21\"]!==undefined) {window.RS_MODULES.modules[\"revslider21\"].once = false;window.revapi2 = undefined;if (window.RS_MODULES.checkMinimal!==undefined) window.RS_MODULES.checkMinimal()}\n\t\t\t\t<\/script>\n\t\t\t<\/rs-module-wrap>\n\t\t\t<!-- END REVOLUTION SLIDER -->\n<\/div>\r\n\r\n\t\t\t\t\t\t<\/div>\n\t\t\t\t<\/div>\n\t\t\t\t<\/div>\n\t\t<div class=\"elementor-element elementor-element-111e600 elementor-hidden-desktop elementor-hidden-tablet elementor-hidden-widescreen elementor-hidden-laptop elementor-hidden-tablet_extra e-flex e-con-boxed e-con e-parent\" data-id=\"111e600\" data-element_type=\"container\" data-settings=\"{&quot;background_background&quot;:&quot;classic&quot;}\">\n\t\t\t\t\t<div class=\"e-con-inner\">\n\t\t<div class=\"elementor-element elementor-element-8620663 e-con-full e-flex e-con e-child\" data-id=\"8620663\" data-element_type=\"container\" data-settings=\"{&quot;background_background&quot;:&quot;classic&quot;}\">\n\t\t\t\t<div class=\"elementor-element elementor-element-d034e88 elementor-widget elementor-widget-heading\" data-id=\"d034e88\" data-element_type=\"widget\" data-widget_type=\"heading.default\">\n\t\t\t\t<div class=\"elementor-widget-container\">\n\t\t\t\t\t<h1 class=\"elementor-heading-title elementor-size-default\">more \u2394 value \u2394 partner imtech - the reliable supplier\n<\/h1>\t\t\t\t<\/div>\n\t\t\t\t<\/div>\n\t\t\t\t<\/div>\n\t\t\t\t\t<\/div>\n\t\t\t\t<\/div>\n\t\t<div class=\"elementor-element elementor-element-b4ccc7a e-con-full elementor-hidden-desktop elementor-hidden-tablet elementor-hidden-widescreen elementor-hidden-laptop elementor-hidden-tablet_extra e-flex e-con e-parent\" data-id=\"b4ccc7a\" data-element_type=\"container\" data-settings=\"{&quot;background_background&quot;:&quot;classic&quot;}\">\n\t\t\t\t<div class=\"elementor-element elementor-element-a4e5734 elementor-widget elementor-widget-spacer\" data-id=\"a4e5734\" data-element_type=\"widget\" data-widget_type=\"spacer.default\">\n\t\t\t\t<div class=\"elementor-widget-container\">\n\t\t\t\t\t\t\t<div class=\"elementor-spacer\">\n\t\t\t<div class=\"elementor-spacer-inner\"><\/div>\n\t\t<\/div>\n\t\t\t\t\t\t<\/div>\n\t\t\t\t<\/div>\n\t\t\t\t<\/div>\n\t\t<div class=\"elementor-element elementor-element-2fef495 e-flex e-con-boxed e-con e-parent\" data-id=\"2fef495\" data-element_type=\"container\" data-settings=\"{&quot;background_background&quot;:&quot;classic&quot;}\">\n\t\t\t\t\t<div class=\"e-con-inner\">\n\t\t<div class=\"elementor-element elementor-element-c6873dd e-con-full e-flex e-con e-child\" data-id=\"c6873dd\" data-element_type=\"container\">\n\t\t\t\t<div class=\"elementor-element elementor-element-2da3878 elementor-widget elementor-widget-text-editor\" data-id=\"2da3878\" data-element_type=\"widget\" data-widget_type=\"text-editor.default\">\n\t\t\t\t<div class=\"elementor-widget-container\">\n\t\t\t\t\t\t\t\t\t<p><strong>Experience that pays off: Your expert for turned and milled parts \u2013 imtech<\/strong><\/p>\t\t\t\t\t\t\t\t<\/div>\n\t\t\t\t<\/div>\n\t\t\t\t<\/div>\n\t\t<div class=\"elementor-element elementor-element-fdf08c2 e-con-full e-flex e-con e-child\" data-id=\"fdf08c2\" data-element_type=\"container\">\n\t\t\t\t<div class=\"elementor-element elementor-element-a6ea9ae elementor-widget elementor-widget-text-editor\" data-id=\"a6ea9ae\" data-element_type=\"widget\" data-widget_type=\"text-editor.default\">\n\t\t\t\t<div class=\"elementor-widget-container\">\n\t\t\t\t\t\t\t\t\t<p>imtech acts as a link between several highly specialized turned and milled part manufacturers, each of whom is an outstanding expert in his or her own right. As an industrial company, you benefit from our partnership in three ways: short communication channels, a broad range of expertise and cost-effective solutions.<\/p>\t\t\t\t\t\t\t\t<\/div>\n\t\t\t\t<\/div>\n\t\t\t\t<\/div>\n\t\t<div class=\"elementor-element elementor-element-91e34b9 e-con-full e-flex e-con e-child\" data-id=\"91e34b9\" data-element_type=\"container\">\n\t\t\t\t<div class=\"elementor-element elementor-element-36ca9c0 elementor-widget elementor-widget-text-editor\" data-id=\"36ca9c0\" data-element_type=\"widget\" data-widget_type=\"text-editor.default\">\n\t\t\t\t<div class=\"elementor-widget-container\">\n\t\t\t\t\t\t\t\t\t<p>For almost 30 years, imtech has been supporting its industrial partners with reliable advice and delivery. We support you in the planning and product design of ready-to-install turned and milled parts and take on the assembly of precisely manufactured precision parts in mini and medium series.<\/p>\t\t\t\t\t\t\t\t<\/div>\n\t\t\t\t<\/div>\n\t\t\t\t<\/div>\n\t\t\t\t\t<\/div>\n\t\t\t\t<\/div>\n\t\t<div class=\"elementor-element elementor-element-b779b82 e-flex e-con-boxed e-con e-parent\" data-id=\"b779b82\" data-element_type=\"container\" data-settings=\"{&quot;background_background&quot;:&quot;classic&quot;}\">\n\t\t\t\t\t<div class=\"e-con-inner\">\n\t\t<div class=\"elementor-element elementor-element-196dee6 e-con-full e-flex e-con e-child\" data-id=\"196dee6\" data-element_type=\"container\">\n\t\t\t\t<div class=\"elementor-element elementor-element-a4beb95 elementor-widget elementor-widget-text-editor\" data-id=\"a4beb95\" data-element_type=\"widget\" data-widget_type=\"text-editor.default\">\n\t\t\t\t<div class=\"elementor-widget-container\">\n\t\t\t\t\t\t\t\t\t<h4>Our success<\/h4><p>Since its founding, the imtech concept has been adopted by industrial companies from day one. Our customer base is growing continuously at an above-average rate and sales have tripled in the first five years and have continued to increase steadily since then.<\/p><p>Today, progressive industrial companies are increasingly focusing on minimizing process costs. However, a large number of suppliers for turned and milled parts contribute to increasing costs. Therefore, companies are looking for ways to keep the number of their suppliers as low as possible.<\/p><h4>Our visions<\/h4><ul><li>We want to get even more customers excited about our Kanban system.<\/li><li>Our goal is to achieve top marks in all supplier evaluations.<\/li><li>We strive to make our KLT system the standard.<\/li><\/ul><h4>our strengths<\/h4><p>As experts in turned and milled parts, we create prototypes for selected customers, especially in the automotive sector. However, our real strength lies in the series production of small series starting from 500 pieces.<\/p>\t\t\t\t\t\t\t\t<\/div>\n\t\t\t\t<\/div>\n\t\t\t\t<\/div>\n\t\t<div class=\"elementor-element elementor-element-5cb0398 e-con-full e-flex e-con e-child\" data-id=\"5cb0398\" data-element_type=\"container\">\n\t\t\t\t<div class=\"elementor-element elementor-element-fbbe6c4 elementor-widget elementor-widget-text-editor\" data-id=\"fbbe6c4\" data-element_type=\"widget\" data-widget_type=\"text-editor.default\">\n\t\t\t\t<div class=\"elementor-widget-container\">\n\t\t\t\t\t\t\t\t\t<p><\/p>\t\t\t\t\t\t\t\t<\/div>\n\t\t\t\t<\/div>\n\t\t\t\t<div class=\"elementor-element elementor-element-9725821 elementor-widget elementor-widget-text-editor\" data-id=\"9725821\" data-element_type=\"widget\" data-widget_type=\"text-editor.default\">\n\t\t\t\t<div class=\"elementor-widget-container\">\n\t\t\t\t\t\t\t\t\t<p>Learn more about imtech<\/p>\t\t\t\t\t\t\t\t<\/div>\n\t\t\t\t<\/div>\n\t\t\t\t<div class=\"elementor-element elementor-element-3a89e81 elementor-icon-list--layout-traditional elementor-list-item-link-full_width elementor-widget elementor-widget-icon-list\" data-id=\"3a89e81\" data-element_type=\"widget\" data-widget_type=\"icon-list.default\">\n\t\t\t\t<div class=\"elementor-widget-container\">\n\t\t\t\t\t\t\t<ul class=\"elementor-icon-list-items\">\n\t\t\t\t\t\t\t<li class=\"elementor-icon-list-item\">\n\t\t\t\t\t\t\t\t\t\t\t<a href=\"https:\/\/imtech-drehteile.eu\/en\/leitbild-und-werte-b2b-hersteller-metallwerkstuecke\/\">\n\n\t\t\t\t\t\t\t\t\t\t\t\t<span class=\"elementor-icon-list-icon\">\n\t\t\t\t\t\t\t<svg xmlns=\"http:\/\/www.w3.org\/2000\/svg\" id=\"a\" viewbox=\"0 0 12.26 13.52\"><polygon points=\"2.31 13.52 0 13.52 3.85 6.77 0 0 2.32 0 6.15 6.77 2.31 13.52\" style=\"fill:#30559d;\"><\/polygon><polygon points=\"8.42 13.52 6.11 13.52 9.96 6.77 6.11 0 8.42 0 12.26 6.77 8.42 13.52\" style=\"fill:#30559d;\"><\/polygon><\/svg>\t\t\t\t\t\t<\/span>\n\t\t\t\t\t\t\t\t\t\t<span class=\"elementor-icon-list-text\">Mission and values<\/span>\n\t\t\t\t\t\t\t\t\t\t\t<\/a>\n\t\t\t\t\t\t\t\t\t<\/li>\n\t\t\t\t\t\t\t\t<li class=\"elementor-icon-list-item\">\n\t\t\t\t\t\t\t\t\t\t\t<a href=\"https:\/\/imtech-drehteile.eu\/en\/geschichte-mikrodrehteile-kleindrehteile-grossdrehteile\/\">\n\n\t\t\t\t\t\t\t\t\t\t\t\t<span class=\"elementor-icon-list-icon\">\n\t\t\t\t\t\t\t<svg xmlns=\"http:\/\/www.w3.org\/2000\/svg\" id=\"a\" viewbox=\"0 0 12.26 13.52\"><polygon points=\"2.31 13.52 0 13.52 3.85 6.77 0 0 2.32 0 6.15 6.77 2.31 13.52\" style=\"fill:#30559d;\"><\/polygon><polygon points=\"8.42 13.52 6.11 13.52 9.96 6.77 6.11 0 8.42 0 12.26 6.77 8.42 13.52\" style=\"fill:#30559d;\"><\/polygon><\/svg>\t\t\t\t\t\t<\/span>\n\t\t\t\t\t\t\t\t\t\t<span class=\"elementor-icon-list-text\">Story<\/span>\n\t\t\t\t\t\t\t\t\t\t\t<\/a>\n\t\t\t\t\t\t\t\t\t<\/li>\n\t\t\t\t\t\t\t\t<li class=\"elementor-icon-list-item\">\n\t\t\t\t\t\t\t\t\t\t\t<a href=\"https:\/\/imtech-drehteile.eu\/en\/soziale-verantwortung\/\">\n\n\t\t\t\t\t\t\t\t\t\t\t\t<span class=\"elementor-icon-list-icon\">\n\t\t\t\t\t\t\t<svg xmlns=\"http:\/\/www.w3.org\/2000\/svg\" id=\"a\" viewbox=\"0 0 12.26 13.52\"><polygon points=\"2.31 13.52 0 13.52 3.85 6.77 0 0 2.32 0 6.15 6.77 2.31 13.52\" style=\"fill:#30559d;\"><\/polygon><polygon points=\"8.42 13.52 6.11 13.52 9.96 6.77 6.11 0 8.42 0 12.26 6.77 8.42 13.52\" style=\"fill:#30559d;\"><\/polygon><\/svg>\t\t\t\t\t\t<\/span>\n\t\t\t\t\t\t\t\t\t\t<span class=\"elementor-icon-list-text\">Social responsibility<\/span>\n\t\t\t\t\t\t\t\t\t\t\t<\/a>\n\t\t\t\t\t\t\t\t\t<\/li>\n\t\t\t\t\t\t\t\t<li class=\"elementor-icon-list-item\">\n\t\t\t\t\t\t\t\t\t\t\t<a href=\"https:\/\/imtech-drehteile.eu\/en\/karriere-und-ausbildung\/\">\n\n\t\t\t\t\t\t\t\t\t\t\t\t<span class=\"elementor-icon-list-icon\">\n\t\t\t\t\t\t\t<svg xmlns=\"http:\/\/www.w3.org\/2000\/svg\" id=\"a\" viewbox=\"0 0 12.26 13.52\"><polygon points=\"2.31 13.52 0 13.52 3.85 6.77 0 0 2.32 0 6.15 6.77 2.31 13.52\" style=\"fill:#30559d;\"><\/polygon><polygon points=\"8.42 13.52 6.11 13.52 9.96 6.77 6.11 0 8.42 0 12.26 6.77 8.42 13.52\" style=\"fill:#30559d;\"><\/polygon><\/svg>\t\t\t\t\t\t<\/span>\n\t\t\t\t\t\t\t\t\t\t<span class=\"elementor-icon-list-text\">Career and training<\/span>\n\t\t\t\t\t\t\t\t\t\t\t<\/a>\n\t\t\t\t\t\t\t\t\t<\/li>\n\t\t\t\t\t\t\t\t<li class=\"elementor-icon-list-item\">\n\t\t\t\t\t\t\t\t\t\t\t<a href=\"https:\/\/imtech-drehteile.eu\/en\/ansprechpartner-fuer-kleine-menge-kleinserien-drehteile-fraesteile\/\">\n\n\t\t\t\t\t\t\t\t\t\t\t\t<span class=\"elementor-icon-list-icon\">\n\t\t\t\t\t\t\t<svg xmlns=\"http:\/\/www.w3.org\/2000\/svg\" id=\"a\" viewbox=\"0 0 12.26 13.52\"><polygon points=\"2.31 13.52 0 13.52 3.85 6.77 0 0 2.32 0 6.15 6.77 2.31 13.52\" style=\"fill:#30559d;\"><\/polygon><polygon points=\"8.42 13.52 6.11 13.52 9.96 6.77 6.11 0 8.42 0 12.26 6.77 8.42 13.52\" style=\"fill:#30559d;\"><\/polygon><\/svg>\t\t\t\t\t\t<\/span>\n\t\t\t\t\t\t\t\t\t\t<span class=\"elementor-icon-list-text\">contact person<\/span>\n\t\t\t\t\t\t\t\t\t\t\t<\/a>\n\t\t\t\t\t\t\t\t\t<\/li>\n\t\t\t\t\t\t<\/ul>\n\t\t\t\t\t\t<\/div>\n\t\t\t\t<\/div>\n\t\t\t\t<\/div>\n\t\t\t\t\t<\/div>\n\t\t\t\t<\/div>\n\t\t\t\t<\/div>","protected":false},"excerpt":{"rendered":"<p>more \u2394 value \u2394 partner imtech \u2013 the reliable supplier Experience that pays off: your expert for turned and milled parts \u2013 imtech imtech acts as a link between several highly specialized turned and milled part manufacturers, each of whom is an outstanding expert in his own right. As an industrial company, you benefit from our partnership in three ways: short communication channels, a broad [\u2026]<\/p>","protected":false},"author":1,"featured_media":1273,"parent":0,"menu_order":0,"comment_status":"closed","ping_status":"closed","template":"","meta":{"_acf_changed":false,"footnotes":""},"class_list":["post-415","page","type-page","status-publish","has-post-thumbnail","hentry"],"acf":[],"yoast_head":"<!-- This site is optimized with the Yoast SEO Premium plugin v23.0 (Yoast SEO v27.1.1) - https:\/\/yoast.com\/product\/yoast-seo-premium-wordpress\/ -->\n<title>Unternehmen - imtech GmbH &amp; Co. KG<\/title>\n<meta name=\"description\" content=\"Sie suchen einen Experten f\u00fcr Drehteile und Fr\u00e4steile in Kleinserien? Wir sind stark in hochpr\u00e4zisen Sonderteilen nach Zeichnung.\" \/>\n<meta name=\"robots\" content=\"index, follow, max-snippet:-1, max-image-preview:large, max-video-preview:-1\" \/>\n<link rel=\"canonical\" href=\"https:\/\/imtech-drehteile.eu\/en\/experte-fuer-drehteile-fraesteile\/\" \/>\n<meta property=\"og:locale\" content=\"en_US\" \/>\n<meta property=\"og:type\" content=\"article\" \/>\n<meta property=\"og:title\" content=\"Unternehmen\" \/>\n<meta property=\"og:description\" content=\"Sie suchen einen Experten f\u00fcr Drehteile und Fr\u00e4steile in Kleinserien? Wir sind stark in hochpr\u00e4zisen Sonderteilen nach Zeichnung.\" \/>\n<meta property=\"og:url\" content=\"https:\/\/imtech-drehteile.eu\/en\/experte-fuer-drehteile-fraesteile\/\" \/>\n<meta property=\"og:site_name\" content=\"imtech GmbH &amp; Co. KG\" \/>\n<meta property=\"article:modified_time\" content=\"2025-02-12T15:39:16+00:00\" \/>\n<meta property=\"og:image\" content=\"https:\/\/imtech-drehteile.eu\/wp-content\/uploads\/2022\/12\/IMTECH_Header_Werte_L1-scaled.jpg\" \/>\n\t<meta property=\"og:image:width\" content=\"2560\" \/>\n\t<meta property=\"og:image:height\" content=\"760\" \/>\n\t<meta property=\"og:image:type\" content=\"image\/jpeg\" \/>\n<meta name=\"twitter:card\" content=\"summary_large_image\" \/>\n<meta name=\"twitter:label1\" content=\"Est. reading time\" \/>\n\t<meta name=\"twitter:data1\" content=\"2 minutes\" \/>\n<script type=\"application\/ld+json\" class=\"yoast-schema-graph\">{\"@context\":\"https:\/\/schema.org\",\"@graph\":[{\"@type\":\"WebPage\",\"@id\":\"https:\/\/imtech-drehteile.eu\/experte-fuer-drehteile-fraesteile\/\",\"url\":\"https:\/\/imtech-drehteile.eu\/experte-fuer-drehteile-fraesteile\/\",\"name\":\"Unternehmen - imtech GmbH &amp; Co. KG\",\"isPartOf\":{\"@id\":\"https:\/\/imtech-drehteile.eu\/#website\"},\"primaryImageOfPage\":{\"@id\":\"https:\/\/imtech-drehteile.eu\/experte-fuer-drehteile-fraesteile\/#primaryimage\"},\"image\":{\"@id\":\"https:\/\/imtech-drehteile.eu\/experte-fuer-drehteile-fraesteile\/#primaryimage\"},\"thumbnailUrl\":\"https:\/\/imtech-drehteile.eu\/wp-content\/uploads\/2022\/12\/IMTECH_Header_Werte_L1-scaled.jpg\",\"datePublished\":\"2022-11-17T17:47:04+00:00\",\"dateModified\":\"2025-02-12T15:39:16+00:00\",\"description\":\"Sie suchen einen Experten f\u00fcr Drehteile und Fr\u00e4steile in Kleinserien? Wir sind stark in hochpr\u00e4zisen Sonderteilen nach Zeichnung.\",\"breadcrumb\":{\"@id\":\"https:\/\/imtech-drehteile.eu\/experte-fuer-drehteile-fraesteile\/#breadcrumb\"},\"inLanguage\":\"en-US\",\"potentialAction\":[{\"@type\":\"ReadAction\",\"target\":[\"https:\/\/imtech-drehteile.eu\/experte-fuer-drehteile-fraesteile\/\"]}]},{\"@type\":\"ImageObject\",\"inLanguage\":\"en-US\",\"@id\":\"https:\/\/imtech-drehteile.eu\/experte-fuer-drehteile-fraesteile\/#primaryimage\",\"url\":\"https:\/\/imtech-drehteile.eu\/wp-content\/uploads\/2022\/12\/IMTECH_Header_Werte_L1-scaled.jpg\",\"contentUrl\":\"https:\/\/imtech-drehteile.eu\/wp-content\/uploads\/2022\/12\/IMTECH_Header_Werte_L1-scaled.jpg\",\"width\":2560,\"height\":760,\"caption\":\"Imtech Werte\"},{\"@type\":\"BreadcrumbList\",\"@id\":\"https:\/\/imtech-drehteile.eu\/experte-fuer-drehteile-fraesteile\/#breadcrumb\",\"itemListElement\":[{\"@type\":\"ListItem\",\"position\":1,\"name\":\"Startseite\",\"item\":\"https:\/\/imtech-drehteile.eu\/\"},{\"@type\":\"ListItem\",\"position\":2,\"name\":\"Unternehmen\"}]},{\"@type\":\"WebSite\",\"@id\":\"https:\/\/imtech-drehteile.eu\/#website\",\"url\":\"https:\/\/imtech-drehteile.eu\/\",\"name\":\"Hochpr\u00e4zise Drehteile und Fr\u00e4steile\",\"description\":\"Der deutsche Zulieferer aus Baden-W\u00fcrttemberg stellt seine Leistungen und Produkte vor\",\"publisher\":{\"@id\":\"https:\/\/imtech-drehteile.eu\/#organization\"},\"alternateName\":\"Pr\u00e4zisionsteile nach Zeichnung\",\"potentialAction\":[{\"@type\":\"SearchAction\",\"target\":{\"@type\":\"EntryPoint\",\"urlTemplate\":\"https:\/\/imtech-drehteile.eu\/?s={search_term_string}\"},\"query-input\":{\"@type\":\"PropertyValueSpecification\",\"valueRequired\":true,\"valueName\":\"search_term_string\"}}],\"inLanguage\":\"en-US\"},{\"@type\":\"Organization\",\"@id\":\"https:\/\/imtech-drehteile.eu\/#organization\",\"name\":\"imtech GmbH & Co. KG\",\"url\":\"https:\/\/imtech-drehteile.eu\/\",\"logo\":{\"@type\":\"ImageObject\",\"inLanguage\":\"en-US\",\"@id\":\"https:\/\/imtech-drehteile.eu\/#\/schema\/logo\/image\/\",\"url\":\"https:\/\/imtech-drehteile.eu\/wp-content\/uploads\/2022\/10\/IMTECH_Logo_RZ.png\",\"contentUrl\":\"https:\/\/imtech-drehteile.eu\/wp-content\/uploads\/2022\/10\/IMTECH_Logo_RZ.png\",\"width\":502,\"height\":184,\"caption\":\"imtech GmbH & Co. KG\"},\"image\":{\"@id\":\"https:\/\/imtech-drehteile.eu\/#\/schema\/logo\/image\/\"}}]}<\/script>\n<!-- \/ Yoast SEO Premium plugin. -->","yoast_head_json":{"title":"Unternehmen - imtech GmbH &amp; Co. KG","description":"Sie suchen einen Experten f\u00fcr Drehteile und Fr\u00e4steile in Kleinserien? Wir sind stark in hochpr\u00e4zisen Sonderteilen nach Zeichnung.","robots":{"index":"index","follow":"follow","max-snippet":"max-snippet:-1","max-image-preview":"max-image-preview:large","max-video-preview":"max-video-preview:-1"},"canonical":"https:\/\/imtech-drehteile.eu\/en\/experte-fuer-drehteile-fraesteile\/","og_locale":"en_US","og_type":"article","og_title":"Unternehmen","og_description":"Sie suchen einen Experten f\u00fcr Drehteile und Fr\u00e4steile in Kleinserien? Wir sind stark in hochpr\u00e4zisen Sonderteilen nach Zeichnung.","og_url":"https:\/\/imtech-drehteile.eu\/en\/experte-fuer-drehteile-fraesteile\/","og_site_name":"imtech GmbH &amp; Co. KG","article_modified_time":"2025-02-12T15:39:16+00:00","og_image":[{"width":2560,"height":760,"url":"https:\/\/imtech-drehteile.eu\/wp-content\/uploads\/2022\/12\/IMTECH_Header_Werte_L1-scaled.jpg","type":"image\/jpeg"}],"twitter_card":"summary_large_image","twitter_misc":{"Est. reading time":"2 minutes"},"schema":{"@context":"https:\/\/schema.org","@graph":[{"@type":"WebPage","@id":"https:\/\/imtech-drehteile.eu\/experte-fuer-drehteile-fraesteile\/","url":"https:\/\/imtech-drehteile.eu\/experte-fuer-drehteile-fraesteile\/","name":"Unternehmen - imtech GmbH &amp; Co. KG","isPartOf":{"@id":"https:\/\/imtech-drehteile.eu\/#website"},"primaryImageOfPage":{"@id":"https:\/\/imtech-drehteile.eu\/experte-fuer-drehteile-fraesteile\/#primaryimage"},"image":{"@id":"https:\/\/imtech-drehteile.eu\/experte-fuer-drehteile-fraesteile\/#primaryimage"},"thumbnailUrl":"https:\/\/imtech-drehteile.eu\/wp-content\/uploads\/2022\/12\/IMTECH_Header_Werte_L1-scaled.jpg","datePublished":"2022-11-17T17:47:04+00:00","dateModified":"2025-02-12T15:39:16+00:00","description":"Sie suchen einen Experten f\u00fcr Drehteile und Fr\u00e4steile in Kleinserien? Wir sind stark in hochpr\u00e4zisen Sonderteilen nach Zeichnung.","breadcrumb":{"@id":"https:\/\/imtech-drehteile.eu\/experte-fuer-drehteile-fraesteile\/#breadcrumb"},"inLanguage":"en-US","potentialAction":[{"@type":"ReadAction","target":["https:\/\/imtech-drehteile.eu\/experte-fuer-drehteile-fraesteile\/"]}]},{"@type":"ImageObject","inLanguage":"en-US","@id":"https:\/\/imtech-drehteile.eu\/experte-fuer-drehteile-fraesteile\/#primaryimage","url":"https:\/\/imtech-drehteile.eu\/wp-content\/uploads\/2022\/12\/IMTECH_Header_Werte_L1-scaled.jpg","contentUrl":"https:\/\/imtech-drehteile.eu\/wp-content\/uploads\/2022\/12\/IMTECH_Header_Werte_L1-scaled.jpg","width":2560,"height":760,"caption":"Imtech Werte"},{"@type":"BreadcrumbList","@id":"https:\/\/imtech-drehteile.eu\/experte-fuer-drehteile-fraesteile\/#breadcrumb","itemListElement":[{"@type":"ListItem","position":1,"name":"Startseite","item":"https:\/\/imtech-drehteile.eu\/"},{"@type":"ListItem","position":2,"name":"Unternehmen"}]},{"@type":"WebSite","@id":"https:\/\/imtech-drehteile.eu\/#website","url":"https:\/\/imtech-drehteile.eu\/","name":"High-precision turned and milled parts","description":"The German supplier from Baden-W\u00fcrttemberg presents its services and products","publisher":{"@id":"https:\/\/imtech-drehteile.eu\/#organization"},"alternateName":"Pr\u00e4zisionsteile nach Zeichnung","potentialAction":[{"@type":"SearchAction","target":{"@type":"EntryPoint","urlTemplate":"https:\/\/imtech-drehteile.eu\/?s={search_term_string}"},"query-input":{"@type":"PropertyValueSpecification","valueRequired":true,"valueName":"search_term_string"}}],"inLanguage":"en-US"},{"@type":"Organization","@id":"https:\/\/imtech-drehteile.eu\/#organization","name":"imtech GmbH &amp; Co. KG","url":"https:\/\/imtech-drehteile.eu\/","logo":{"@type":"ImageObject","inLanguage":"en-US","@id":"https:\/\/imtech-drehteile.eu\/#\/schema\/logo\/image\/","url":"https:\/\/imtech-drehteile.eu\/wp-content\/uploads\/2022\/10\/IMTECH_Logo_RZ.png","contentUrl":"https:\/\/imtech-drehteile.eu\/wp-content\/uploads\/2022\/10\/IMTECH_Logo_RZ.png","width":502,"height":184,"caption":"imtech GmbH & Co. KG"},"image":{"@id":"https:\/\/imtech-drehteile.eu\/#\/schema\/logo\/image\/"}}]}},"_links":{"self":[{"href":"https:\/\/imtech-drehteile.eu\/en\/wp-json\/wp\/v2\/pages\/415","targetHints":{"allow":["GET"]}}],"collection":[{"href":"https:\/\/imtech-drehteile.eu\/en\/wp-json\/wp\/v2\/pages"}],"about":[{"href":"https:\/\/imtech-drehteile.eu\/en\/wp-json\/wp\/v2\/types\/page"}],"author":[{"embeddable":true,"href":"https:\/\/imtech-drehteile.eu\/en\/wp-json\/wp\/v2\/users\/1"}],"replies":[{"embeddable":true,"href":"https:\/\/imtech-drehteile.eu\/en\/wp-json\/wp\/v2\/comments?post=415"}],"version-history":[{"count":10,"href":"https:\/\/imtech-drehteile.eu\/en\/wp-json\/wp\/v2\/pages\/415\/revisions"}],"predecessor-version":[{"id":5019,"href":"https:\/\/imtech-drehteile.eu\/en\/wp-json\/wp\/v2\/pages\/415\/revisions\/5019"}],"wp:featuredmedia":[{"embeddable":true,"href":"https:\/\/imtech-drehteile.eu\/en\/wp-json\/wp\/v2\/media\/1273"}],"wp:attachment":[{"href":"https:\/\/imtech-drehteile.eu\/en\/wp-json\/wp\/v2\/media?parent=415"}],"curies":[{"name":"wp","href":"https:\/\/api.w.org\/{rel}","templated":true}]}}